{"id":1171,"date":"2025-06-24T11:06:30","date_gmt":"2025-06-24T09:06:30","guid":{"rendered":"https:\/\/pragma-solar.com\/page-daccueil\/banque-mondiale\/"},"modified":"2025-06-26T12:31:54","modified_gmt":"2025-06-26T10:31:54","slug":"banque-mondiale","status":"publish","type":"page","link":"https:\/\/pragma-solar.com\/fr\/page-daccueil\/banque-mondiale\/","title":{"rendered":"Banque mondiale"},"content":{"rendered":"<p>[et_pb_section fb_built=\u00a0\u00bb1&Prime; _builder_version=\u00a0\u00bb4.27.4&Prime; _module_preset=\u00a0\u00bbdefault\u00a0\u00bb global_colors_info=\u00a0\u00bb{}\u00a0\u00bb][et_pb_row _builder_version=\u00a0\u00bb4.25.1&Prime; _module_preset=\u00a0\u00bbdefault\u00a0\u00bb global_module=\u00a0\u00bb741&Prime; saved_tabs=\u00a0\u00bball\u00a0\u00bb locked=\u00a0\u00bboff\u00a0\u00bb global_colors_info=\u00a0\u00bb{}\u00a0\u00bb][et_pb_column type=\u00a0\u00bb4_4&Prime; _builder_version=\u00a0\u00bb4.25.1&Prime; _module_preset=\u00a0\u00bbdefault\u00a0\u00bb global_colors_info=\u00a0\u00bb{}\u00a0\u00bb][dipi_breadcrumbs hide_home=\u00a0\u00bbon\u00a0\u00bb bc_separator_icon=\u00a0\u00bb&#x45;||divi||400&Prime; bc_separator_color=\u00a0\u00bb#0C6798&Prime; bc_item_bg_color=\u00a0\u00bbRGBA(255,255,255,0)\u00a0\u00bb _builder_version=\u00a0\u00bb4.27.4&Prime; _module_preset=\u00a0\u00bbdefault\u00a0\u00bb items_text_color=\u00a0\u00bb#F28C0E\u00a0\u00bb hover_font=\u00a0\u00bb||||on||||\u00a0\u00bb hover_text_color=\u00a0\u00bb#F28C0E\u00a0\u00bb active_text_color=\u00a0\u00bbrgba(102,102,102,0.45)\u00a0\u00bb global_colors_info=\u00a0\u00bb{}\u00a0\u00bb][\/dipi_breadcrumbs][\/et_pb_column][\/et_pb_row][et_pb_row admin_label=\u00a0\u00bbLigne avec module interactif de la Banque mondiale\u00a0\u00bb _builder_version=\u00a0\u00bb4.27.4&Prime; _module_preset=\u00a0\u00bbdefault\u00a0\u00bb custom_padding=\u00a0\u00bb|20px||20px|false|true\u00a0\u00bb hover_enabled=\u00a0\u00bb0&Prime; border_radii=\u00a0\u00bbon|20px|20px|20px|20px\u00a0\u00bb border_color_all=\u00a0\u00bb#F6C308&Prime; global_colors_info=\u00a0\u00bb{}\u00a0\u00bb sticky_enabled=\u00a0\u00bb0&Prime;][et_pb_column type=\u00a0\u00bb4_4&Prime; _builder_version=\u00a0\u00bb4.27.4&Prime; _module_preset=\u00a0\u00bbdefault\u00a0\u00bb global_colors_info=\u00a0\u00bb{}\u00a0\u00bb][et_pb_text admin_label=\u00a0\u00bbNachhaltigkeit auf einem neuen Level\u00a0\u00bb _builder_version=\u00a0\u00bb4.27.4&Prime; _module_preset=\u00a0\u00bbdefault\u00a0\u00bb text_font_size_tablet=\u00a0\u00bb20px\u00a0\u00bb text_font_size_phone=\u00a0\u00bb20px\u00a0\u00bb text_font_size_last_edited=\u00a0\u00bbon|phone\u00a0\u00bb global_colors_info=\u00a0\u00bb{}\u00a0\u00bb]<\/p>\n<h4><span>Extrait de donn\u00e9es de la Banque mondiale<\/span><\/h4>\n<h2><span>Le retard de l&rsquo;Afrique en mati\u00e8re d&rsquo;acc\u00e8s \u00e0 l&rsquo;\u00e9lectricit\u00e9  <\/span><\/h2>\n<p>[\/et_pb_text][et_pb_code _builder_version=\u00a0\u00bb4.27.4&Prime; _module_preset=\u00a0\u00bbdefault\u00a0\u00bb custom_margin=\u00a0\u00bb||10px||false|false\u00a0\u00bb global_colors_info=\u00a0\u00bb{}\u00a0\u00bb]<iframe src=\"https:\/\/ourworldindata.org\/grapher\/share-of-the-population-with-access-to-electricity?time=latest&amp;mapSelect=NGA~COD~SSD~TZA~ZAF&amp;globe=1&amp;globeRotation=1.38%2C22.64&amp;globeZoom=1.94&amp;tab=map\" loading=\"lazy\" style=\"width: 100%; height: 600px; border: 0px none;\" allow=\"web-share; clipboard-write\"><\/iframe>[\/et_pb_code][et_pb_text _builder_version=\u00a0\u00bb4.27.4&Prime; _module_preset=\u00a0\u00bbdefault\u00a0\u00bb custom_padding=\u00a0\u00bb|20px||20px|false|true\u00a0\u00bb global_colors_info=\u00a0\u00bb{}\u00a0\u00bb]<\/p>\n<p>Donn\u00e9es compil\u00e9es \u00e0 partir de plusieurs sources par la Banque mondiale &#8211; avec traitement mineur par Notre Monde en donn\u00e9es. \u00ab\u00a0Part de la population ayant acc\u00e8s \u00e0 l&rsquo;\u00e9lectricit\u00e9 &#8211; Banque mondiale\u00a0\u00bb [dataset]. Banque mondiale et Agence internationale de l&rsquo;\u00e9nergie, \u00ab\u00a0Indicateurs de d\u00e9veloppement dans le monde\u00a0\u00bb [donn\u00e9es originales]. Retrieved June 15, 2025 from <a href=\"https:\/\/ourworldindata.org\/grapher\/share-of-the-population-with-access-to-electricity\" target=\"_blank\" rel=\"noopener\">https:\/\/ourworldindata.org\/grapher\/share-of-the-population-with-access-to-electricity<\/a>   <\/p>\n<p>[\/et_pb_text][\/et_pb_column][\/et_pb_row][\/et_pb_section][et_pb_section fb_built=\u00a0\u00bb1&Prime; admin_label=\u00a0\u00bbSektion %22Footer%22&Prime; _builder_version=\u00a0\u00bb4.27.4&Prime; _module_preset=\u00a0\u00bbdefault\u00a0\u00bb background_color=\u00a0\u00bb#0C6798&Prime; custom_padding=\u00a0\u00bb35px||34px|||\u00a0\u00bb top_divider_repeat=\u00a0\u00bb1x\u00a0\u00bb global_module=\u00a0\u00bb726&Prime; saved_tabs=\u00a0\u00bball\u00a0\u00bb locked=\u00a0\u00bboff\u00a0\u00bb global_colors_info=\u00a0\u00bb{}\u00a0\u00bb][et_pb_row column_structure=\u00a0\u00bb1_4,1_4,1_4,1_4&Prime; admin_label=\u00a0\u00bbUnternehmensdaten im Footer\u00a0\u00bb _builder_version=\u00a0\u00bb4.27.4&Prime; _module_preset=\u00a0\u00bbdefault\u00a0\u00bb global_colors_info=\u00a0\u00bb{}\u00a0\u00bb][et_pb_column type=\u00a0\u00bb1_4&Prime; _builder_version=\u00a0\u00bb4.27.4&Prime; _module_preset=\u00a0\u00bbdefault\u00a0\u00bb global_colors_info=\u00a0\u00bb{}\u00a0\u00bb][et_pb_image src=\u00a0\u00bbhttps:\/\/pragma-solar.com\/wp-content\/uploads\/logo_weiss.png\u00a0\u00bb title_text=\u00a0\u00bblogo_wei\u00df\u00a0\u00bb admin_label=\u00a0\u00bbBild: Logo der Augentagesklinik Glienicke\u00a0\u00bb _builder_version=\u00a0\u00bb4.27.4&Prime; _module_preset=\u00a0\u00bbdefault\u00a0\u00bb global_colors_info=\u00a0\u00bb{}\u00a0\u00bb][\/et_pb_image][\/et_pb_column][et_pb_column type=\u00a0\u00bb1_4&Prime; _builder_version=\u00a0\u00bb4.27.4&Prime; _module_preset=\u00a0\u00bbdefault\u00a0\u00bb global_colors_info=\u00a0\u00bb{}\u00a0\u00bb][et_pb_text admin_label=\u00a0\u00bbM\u00f6glichkeit der Kontaktaufnahme \u00fcber Link auf Kontaktformular\u00a0\u00bb _builder_version=\u00a0\u00bb4.27.4&Prime; _module_preset=\u00a0\u00bb_initial\u00a0\u00bb text_text_color=\u00a0\u00bb#FFFFFF\u00a0\u00bb link_text_color=\u00a0\u00bb#FFFFFF\u00a0\u00bb global_colors_info=\u00a0\u00bb{}\u00a0\u00bb]<\/p>\n<p><strong>Pragma Solar<\/strong><\/p>\n<p><span>A company of GRAND PRAGMA General Trading LLC<\/span><\/p>\n<p><span>Phone: <a class=\"ltc-1214 link-style\" href=\"tel:00971551646511\">00971.55.164 6511<\/a><br \/><\/span><span>Mail: <a class=\"ltc-1214 link-0-style\" href=\"mailto:info@pragma-solar.com\">info@pragma-solar.com<\/a><\/span><\/p>\n<p>[\/et_pb_text][\/et_pb_column][et_pb_column type=\u00a0\u00bb1_4&Prime; _builder_version=\u00a0\u00bb4.27.4&Prime; _module_preset=\u00a0\u00bbdefault\u00a0\u00bb global_colors_info=\u00a0\u00bb{}\u00a0\u00bb][et_pb_text _builder_version=\u00a0\u00bb4.27.4&Prime; _module_preset=\u00a0\u00bbdefault\u00a0\u00bb text_text_color=\u00a0\u00bb#FFFFFF\u00a0\u00bb global_colors_info=\u00a0\u00bb{}\u00a0\u00bb]<\/p>\n<p><span>NAEMA HAMAD ABDULLA Building<\/span><br \/><span>Land Area: Naif, <br \/>Plot Number: 139-0<\/span><br \/><span>Land DM No (Affection Plan): 118-290, <br \/>Makani No: <\/span>29707 96081<\/p>\n<p>[\/et_pb_text][\/et_pb_column][et_pb_column type=\u00a0\u00bb1_4&Prime; _builder_version=\u00a0\u00bb4.27.4&Prime; _module_preset=\u00a0\u00bbdefault\u00a0\u00bb global_colors_info=\u00a0\u00bb{}\u00a0\u00bb][et_pb_text _builder_version=\u00a0\u00bb4.27.4&Prime; _module_preset=\u00a0\u00bbdefault\u00a0\u00bb text_text_color=\u00a0\u00bb#FFFFFF\u00a0\u00bb global_colors_info=\u00a0\u00bb{}\u00a0\u00bb]<\/p>\n<p><strong>Links<\/strong><\/p>\n<p><a href=\"https:\/\/pragma-solar.com\/fr\/page-daccueil\/prenez-contact-avec-nous\/\">Kontakt<\/a><\/p>\n<p>&#8230;<\/p>\n<p>[\/et_pb_text][\/et_pb_column][\/et_pb_row][\/et_pb_section]<\/p>\n","protected":false},"excerpt":{"rendered":"<p><div class=\"et_pb_module dipi_breadcrumbs dipi_breadcrumbs_0\">\n\t\t\t\t\n\t\t\t\t\n\t\t\t\t\n\t\t\t\t\n\t\t\t\t\n\t\t\t\t\n\t\t\t\t<div class=\"et_pb_module_inner\">\n\t\t\t\t\t<div class=\"dipi-breadcrumbs dipi-bc-left\">\n                <ul >\n                    \n                                                \n                <\/ul>\n            <\/div>\n\t\t\t\t<\/div>\n\t\t\t<\/div>Extrait de donn\u00e9es de la Banque mondiale Le retard de l&rsquo;Afrique en mati\u00e8re d&rsquo;acc\u00e8s \u00e0 l&rsquo;\u00e9lectricit\u00e9 Donn\u00e9es compil\u00e9es \u00e0 partir de plusieurs sources par la Banque mondiale &#8211; avec traitement mineur par Notre Monde en donn\u00e9es. \u00ab\u00a0Part de la population ayant acc\u00e8s \u00e0 l&rsquo;\u00e9lectricit\u00e9 [&hellip;]<\/p>\n","protected":false},"author":2,"featured_media":0,"parent":1107,"menu_order":0,"comment_status":"closed","ping_status":"closed","template":"","meta":{"_et_pb_use_builder":"on","_et_pb_old_content":"","_et_gb_content_width":"","footnotes":""},"class_list":["post-1171","page","type-page","status-publish","hentry"],"_links":{"self":[{"href":"https:\/\/pragma-solar.com\/fr\/wp-json\/wp\/v2\/pages\/1171","targetHints":{"allow":["GET"]}}],"collection":[{"href":"https:\/\/pragma-solar.com\/fr\/wp-json\/wp\/v2\/pages"}],"about":[{"href":"https:\/\/pragma-solar.com\/fr\/wp-json\/wp\/v2\/types\/page"}],"author":[{"embeddable":true,"href":"https:\/\/pragma-solar.com\/fr\/wp-json\/wp\/v2\/users\/2"}],"replies":[{"embeddable":true,"href":"https:\/\/pragma-solar.com\/fr\/wp-json\/wp\/v2\/comments?post=1171"}],"version-history":[{"count":2,"href":"https:\/\/pragma-solar.com\/fr\/wp-json\/wp\/v2\/pages\/1171\/revisions"}],"predecessor-version":[{"id":1173,"href":"https:\/\/pragma-solar.com\/fr\/wp-json\/wp\/v2\/pages\/1171\/revisions\/1173"}],"up":[{"embeddable":true,"href":"https:\/\/pragma-solar.com\/fr\/wp-json\/wp\/v2\/pages\/1107"}],"wp:attachment":[{"href":"https:\/\/pragma-solar.com\/fr\/wp-json\/wp\/v2\/media?parent=1171"}],"curies":[{"name":"wp","href":"https:\/\/api.w.org\/{rel}","templated":true}]}}