{"id":1154,"date":"2024-09-28T14:54:26","date_gmt":"2024-09-28T12:54:26","guid":{"rendered":"https:\/\/pragma-solar.accis.de\/page-daccueil\/mentions-legales\/"},"modified":"2025-06-26T11:14:38","modified_gmt":"2025-06-26T09:14:38","slug":"mentions-legales","status":"publish","type":"page","link":"https:\/\/pragma-solar.com\/fr\/page-daccueil\/mentions-legales\/","title":{"rendered":"Mentions l\u00e9gales"},"content":{"rendered":"<p>[et_pb_section fb_built=\u00a0\u00bb1&Prime; _builder_version=\u00a0\u00bb4.27.0&Prime; _module_preset=\u00a0\u00bbdefault\u00a0\u00bb background_color=\u00a0\u00bbRGBA(255,255,255,0)\u00a0\u00bb global_colors_info=\u00a0\u00bb{}\u00a0\u00bb][et_pb_row _builder_version=\u00a0\u00bb4.27.0&Prime; _module_preset=\u00a0\u00bbdefault\u00a0\u00bb global_colors_info=\u00a0\u00bb{}\u00a0\u00bb][et_pb_column type=\u00a0\u00bb4_4&Prime; _builder_version=\u00a0\u00bb4.27.0&Prime; _module_preset=\u00a0\u00bbdefault\u00a0\u00bb global_colors_info=\u00a0\u00bb{}\u00a0\u00bb][et_pb_heading title=\u00a0\u00bbMentions l\u00e9gales\u00a0\u00bb _builder_version=\u00a0\u00bb4.27.4&Prime; _module_preset=\u00a0\u00bbdefault\u00a0\u00bb global_colors_info=\u00a0\u00bb{}\u00a0\u00bb][\/et_pb_heading][et_pb_text _builder_version=\u00a0\u00bb4.27.4&Prime; _module_preset=\u00a0\u00bbdefault\u00a0\u00bb hover_enabled=\u00a0\u00bb0&Prime; global_colors_info=\u00a0\u00bb{}\u00a0\u00bb sticky_enabled=\u00a0\u00bb0&Prime;]<\/p>\n<p><strong>Pragma Solar<br \/><\/strong><span>Une soci\u00e9t\u00e9 de GRAND PRAGMA General Trading LLC<\/span><strong><br \/><\/strong><br \/><span>NAEMA HAMAD ABDULLA B\u00e2timent<\/span><br \/><span>Zone de terrain : Naif, Num\u00e9ro de parcelle : 139-0<\/span><br \/><span>Pays DM No (Plan d&rsquo;affectation) : 118-290, Makani No : <\/span>29707 96081<br \/><span>T\u00e9l\u00e9phone : <\/span><a class=\"ltc-1214 link-style\" href=\"tel:00971551646511\">00971.55.164 6511<\/a><br \/>eMail: <a class=\"ltc-1214 link-0-style\" href=\"mailto:info@pragma-solar.com\">info@pragma-solar.com<\/a><\/p>\n<p><a href=\"https:\/\/pragma-solar.com\/de\/bildnachweis\/\">Cr\u00e9dit photo<\/a><\/p>\n<p>[\/et_pb_text][et_pb_divider color=\u00a0\u00bb#E0A526&Prime; divider_position=\u00a0\u00bbcenter\u00a0\u00bb _builder_version=\u00a0\u00bb4.27.0&Prime; _module_preset=\u00a0\u00bbdefault\u00a0\u00bb global_colors_info=\u00a0\u00bb{}\u00a0\u00bb][\/et_pb_divider][et_pb_text _builder_version=\u00a0\u00bb4.27.0&Prime; _module_preset=\u00a0\u00bbdefault\u00a0\u00bb global_colors_info=\u00a0\u00bb{}\u00a0\u00bb]<\/p>\n<p><strong>Conception, r\u00e9alisation et exploitation du serveur<\/strong><\/p>\n<p><a href=\"http:\/\/www.accis.de\/\" target=\"_blank\" title=\"accis GmbH | Agence de communication digitale, Joomla et WordPress.\" rel=\"noopener\">accis Systemhaus Gesellschaft f\u00fcr neue Medien mbH (soci\u00e9t\u00e9 de nouveaux m\u00e9dias)<\/a><\/p>\n<p>Elisabethstra\u00dfe 46<br \/>D-16552 Schildow (Katharinensee)<\/p>\n<p>T\u00e9l : <a href=\"tel:+4933056435720\">033056 43 57 20<\/a><br \/>Fax : 033056 43 57 21<br \/>eMail : <a href=\"mailto:info@accis.de\">info@accis.de<\/a><br \/>Web <a href=\"https:\/\/www.accis.de\" target=\"_blank\" rel=\"noopener\">: https:\/\/www.accis.de<\/a><\/p>\n<p>[\/et_pb_text][\/et_pb_column][\/et_pb_row][\/et_pb_section][et_pb_section fb_built=\u00a0\u00bb1&Prime; admin_label=\u00a0\u00bbSektion %22Footer%22&Prime; _builder_version=\u00a0\u00bb4.27.4&Prime; _module_preset=\u00a0\u00bbdefault\u00a0\u00bb background_color=\u00a0\u00bb#0C6798&Prime; custom_padding=\u00a0\u00bb35px||34px|||\u00a0\u00bb top_divider_repeat=\u00a0\u00bb1x\u00a0\u00bb saved_tabs=\u00a0\u00bball\u00a0\u00bb locked=\u00a0\u00bboff\u00a0\u00bb global_colors_info=\u00a0\u00bb{}\u00a0\u00bb global_module=\u00a0\u00bb1159&Prime;][et_pb_row column_structure=\u00a0\u00bb1_4,1_4,1_4,1_4&Prime; admin_label=\u00a0\u00bbUnternehmensdaten im Footer\u00a0\u00bb _builder_version=\u00a0\u00bb4.27.4&Prime; _module_preset=\u00a0\u00bbdefault\u00a0\u00bb global_colors_info=\u00a0\u00bb{}\u00a0\u00bb][et_pb_column type=\u00a0\u00bb1_4&Prime; _builder_version=\u00a0\u00bb4.27.4&Prime; _module_preset=\u00a0\u00bbdefault\u00a0\u00bb global_colors_info=\u00a0\u00bb{}\u00a0\u00bb][et_pb_image src=\u00a0\u00bbhttps:\/\/pragma-solar.com\/wp-content\/uploads\/logo_weiss.png\u00a0\u00bb title_text=\u00a0\u00bblogo_wei\u00df\u00a0\u00bb admin_label=\u00a0\u00bbBild: Logo der Augentagesklinik Glienicke\u00a0\u00bb _builder_version=\u00a0\u00bb4.27.4&Prime; _module_preset=\u00a0\u00bbdefault\u00a0\u00bb global_colors_info=\u00a0\u00bb{}\u00a0\u00bb][\/et_pb_image][\/et_pb_column][et_pb_column type=\u00a0\u00bb1_4&Prime; _builder_version=\u00a0\u00bb4.27.4&Prime; _module_preset=\u00a0\u00bbdefault\u00a0\u00bb global_colors_info=\u00a0\u00bb{}\u00a0\u00bb][et_pb_text admin_label=\u00a0\u00bbM\u00f6glichkeit der Kontaktaufnahme \u00fcber Link auf Kontaktformular\u00a0\u00bb _builder_version=\u00a0\u00bb4.27.4&Prime; _module_preset=\u00a0\u00bb_initial\u00a0\u00bb text_text_color=\u00a0\u00bb#FFFFFF\u00a0\u00bb link_text_color=\u00a0\u00bb#FFFFFF\u00a0\u00bb global_colors_info=\u00a0\u00bb{}\u00a0\u00bb]<\/p>\n<p><strong>Pragma Solar<\/strong><\/p>\n<p><span>Une soci\u00e9t\u00e9 de GRAND PRAGMA General Trading LLC<\/span><strong><br \/><\/strong><\/p>\n<p><span>T\u00e9l\u00e9phone: <a class=\"ltc-1214 link-style\" href=\"tel:00971551646511\">00971.55.164 6511<\/a><br \/><\/span><span>eMail: <a class=\"ltc-1214 link-0-style\" href=\"mailto:info@pragma-solar.com\">info@pragma-solar.com<\/a><\/span><\/p>\n<p>[\/et_pb_text][\/et_pb_column][et_pb_column type=\u00a0\u00bb1_4&Prime; _builder_version=\u00a0\u00bb4.27.4&Prime; _module_preset=\u00a0\u00bbdefault\u00a0\u00bb global_colors_info=\u00a0\u00bb{}\u00a0\u00bb][et_pb_text _builder_version=\u00a0\u00bb4.27.4&Prime; _module_preset=\u00a0\u00bbdefault\u00a0\u00bb text_text_color=\u00a0\u00bb#FFFFFF\u00a0\u00bb hover_enabled=\u00a0\u00bb0&Prime; global_colors_info=\u00a0\u00bb{}\u00a0\u00bb sticky_enabled=\u00a0\u00bb0&Prime;]<\/p>\n<p><span>NAEMA HAMAD ABDULLA B\u00e2timent<\/span><br \/><span>Zone de terrain : Naif, <br \/>Num\u00e9ro de parcelle : 139-0<\/span><br \/><span>Pays DM No (Plan d&rsquo;affectation) : 118-290, <br \/>Makani No : <\/span>29707 96081<\/p>\n<p>[\/et_pb_text][\/et_pb_column][et_pb_column type=\u00a0\u00bb1_4&Prime; _builder_version=\u00a0\u00bb4.27.4&Prime; _module_preset=\u00a0\u00bbdefault\u00a0\u00bb global_colors_info=\u00a0\u00bb{}\u00a0\u00bb][et_pb_text _builder_version=\u00a0\u00bb4.27.4&Prime; _module_preset=\u00a0\u00bbdefault\u00a0\u00bb text_text_color=\u00a0\u00bb#FFFFFF\u00a0\u00bb hover_enabled=\u00a0\u00bb0&Prime; global_colors_info=\u00a0\u00bb{}\u00a0\u00bb sticky_enabled=\u00a0\u00bb0&Prime;]<\/p>\n<p><strong>Links<\/strong><\/p>\n<p><a href=\"https:\/\/pragma-solar.com\/fr\/page-daccueil\/prenez-contact-avec-nous\/\">Contact<\/a><\/p>\n<p>&#8230;<\/p>\n<p>[\/et_pb_text][\/et_pb_column][\/et_pb_row][\/et_pb_section]<\/p>\n","protected":false},"excerpt":{"rendered":"<p>Pragma SolarUne soci\u00e9t\u00e9 de GRAND PRAGMA General Trading LLCNAEMA HAMAD ABDULLA B\u00e2timentZone de terrain : Naif, Num\u00e9ro de parcelle : 139-0Pays DM No (Plan d&rsquo;affectation) : 118-290, Makani No : 29707 96081T\u00e9l\u00e9phone : 00971.55.164 6511eMail: info@pragma-solar.com Cr\u00e9dit photoConception, r\u00e9alisation et exploitation du serveur accis Systemhaus Gesellschaft f\u00fcr neue Medien mbH (soci\u00e9t\u00e9 de nouveaux m\u00e9dias) Elisabethstra\u00dfe [&hellip;]<\/p>\n","protected":false},"author":2,"featured_media":0,"parent":1107,"menu_order":6,"comment_status":"closed","ping_status":"closed","template":"","meta":{"_et_pb_use_builder":"on","_et_pb_old_content":"","_et_gb_content_width":"","footnotes":""},"class_list":["post-1154","page","type-page","status-publish","hentry"],"_links":{"self":[{"href":"https:\/\/pragma-solar.com\/fr\/wp-json\/wp\/v2\/pages\/1154","targetHints":{"allow":["GET"]}}],"collection":[{"href":"https:\/\/pragma-solar.com\/fr\/wp-json\/wp\/v2\/pages"}],"about":[{"href":"https:\/\/pragma-solar.com\/fr\/wp-json\/wp\/v2\/types\/page"}],"author":[{"embeddable":true,"href":"https:\/\/pragma-solar.com\/fr\/wp-json\/wp\/v2\/users\/2"}],"replies":[{"embeddable":true,"href":"https:\/\/pragma-solar.com\/fr\/wp-json\/wp\/v2\/comments?post=1154"}],"version-history":[{"count":3,"href":"https:\/\/pragma-solar.com\/fr\/wp-json\/wp\/v2\/pages\/1154\/revisions"}],"predecessor-version":[{"id":1160,"href":"https:\/\/pragma-solar.com\/fr\/wp-json\/wp\/v2\/pages\/1154\/revisions\/1160"}],"up":[{"embeddable":true,"href":"https:\/\/pragma-solar.com\/fr\/wp-json\/wp\/v2\/pages\/1107"}],"wp:attachment":[{"href":"https:\/\/pragma-solar.com\/fr\/wp-json\/wp\/v2\/media?parent=1154"}],"curies":[{"name":"wp","href":"https:\/\/api.w.org\/{rel}","templated":true}]}}