{"id":730,"date":"2025-06-23T11:56:00","date_gmt":"2025-06-23T09:56:00","guid":{"rendered":"https:\/\/pragma-solar.accis.de\/?page_id=730"},"modified":"2025-06-25T13:57:17","modified_gmt":"2025-06-25T11:57:17","slug":"kontakt","status":"publish","type":"page","link":"https:\/\/pragma-solar.com\/de\/start\/kontakt\/","title":{"rendered":"Kontakt"},"content":{"rendered":"<p>[et_pb_section fb_built=&#8220;1&#8243; _builder_version=&#8220;4.27.4&#8243; _module_preset=&#8220;default&#8220; background_color=&#8220;rgba(7,71,110,0.05)&#8220; border_width_top=&#8220;1px&#8220; border_color_top=&#8220;#E0A526&#8243; border_style_top=&#8220;dotted&#8220; saved_tabs=&#8220;all&#8220; global_colors_info=&#8220;{}&#8220;][et_pb_row _builder_version=&#8220;4.25.1&#8243; _module_preset=&#8220;default&#8220; global_module=&#8220;741&#8243; saved_tabs=&#8220;all&#8220; locked=&#8220;off&#8220; global_colors_info=&#8220;{}&#8220;][et_pb_column type=&#8220;4_4&#8243; _builder_version=&#8220;4.25.1&#8243; _module_preset=&#8220;default&#8220; global_colors_info=&#8220;{}&#8220;][dipi_breadcrumbs hide_home=&#8220;on&#8220; bc_separator_icon=&#8220;&#x45;||divi||400&#8243; bc_separator_color=&#8220;#0C6798&#8243; bc_item_bg_color=&#8220;RGBA(255,255,255,0)&#8220; _builder_version=&#8220;4.27.4&#8243; _module_preset=&#8220;default&#8220; items_text_color=&#8220;#F28C0E&#8220; hover_font=&#8220;||||on||||&#8220; hover_text_color=&#8220;#F28C0E&#8220; active_text_color=&#8220;rgba(102,102,102,0.45)&#8220; global_colors_info=&#8220;{}&#8220;][\/dipi_breadcrumbs][\/et_pb_column][\/et_pb_row][et_pb_row _builder_version=&#8220;4.27.4&#8243; _module_preset=&#8220;default&#8220; custom_margin=&#8220;||30px||false|false&#8220; custom_padding=&#8220;||0px|||&#8220; locked=&#8220;off&#8220; global_colors_info=&#8220;{}&#8220;][et_pb_column type=&#8220;4_4&#8243; _builder_version=&#8220;4.20.4&#8243; _module_preset=&#8220;default&#8220; global_colors_info=&#8220;{}&#8220;][et_pb_text module_id=&#8220;getintouch&#8220; _builder_version=&#8220;4.27.4&#8243; _module_preset=&#8220;default&#8220; text_text_color=&#8220;#666666&#8243; global_colors_info=&#8220;{}&#8220;]<\/p>\n<h2><span>Wenn&#8217;s ganz schnell gehen soll&#8230;<\/span><\/h2>\n<p>[\/et_pb_text][et_pb_image src=&#8220;https:\/\/pragma-solar.com\/wp-content\/uploads\/phone_gelb.png&#8220; title_text=&#8220;phone_gelb&#8220; url=&#8220;tel:00971551646511&#8243; align=&#8220;center&#8220; _builder_version=&#8220;4.27.4&#8243; _module_preset=&#8220;default&#8220; max_width=&#8220;40%&#8220; custom_margin=&#8220;38px||38px||true|false&#8220; locked=&#8220;off&#8220; global_colors_info=&#8220;{}&#8220;][\/et_pb_image][et_pb_image src=&#8220;https:\/\/pragma-solar.com\/wp-content\/uploads\/qrcode_phone.png&#8220; title_text=&#8220;qrcode_phone&#8220; url=&#8220;tel:00971551646511&#8243; align=&#8220;center&#8220; _builder_version=&#8220;4.27.4&#8243; _module_preset=&#8220;default&#8220; max_width=&#8220;15%&#8220; max_width_tablet=&#8220;30%&#8220; max_width_phone=&#8220;45%&#8220; max_width_last_edited=&#8220;on|phone&#8220; box_shadow_style=&#8220;preset1&#8243; global_colors_info=&#8220;{}&#8220; locked=&#8220;off&#8220;][\/et_pb_image][et_pb_divider color=&#8220;#F28C0E&#8220; divider_position=&#8220;center&#8220; _builder_version=&#8220;4.27.4&#8243; _module_preset=&#8220;default&#8220; global_colors_info=&#8220;{}&#8220;][\/et_pb_divider][\/et_pb_column][\/et_pb_row][et_pb_row _builder_version=&#8220;4.27.4&#8243; _module_preset=&#8220;default&#8220; custom_margin=&#8220;0px|auto|30px|auto|false|false&#8220; locked=&#8220;off&#8220; global_colors_info=&#8220;{}&#8220;][et_pb_column type=&#8220;4_4&#8243; _builder_version=&#8220;4.20.4&#8243; _module_preset=&#8220;default&#8220; global_colors_info=&#8220;{}&#8220;][et_pb_text module_id=&#8220;getintouch&#8220; _builder_version=&#8220;4.27.4&#8243; _module_preset=&#8220;default&#8220; text_text_color=&#8220;#666666&#8243; global_colors_info=&#8220;{}&#8220;]<\/p>\n<h2><span>Wenn es etwas detaillierter sein soll&#8230;<\/span><\/h2>\n<p>[\/et_pb_text][et_pb_text _builder_version=&#8220;4.27.4&#8243; _module_preset=&#8220;default&#8220; custom_margin=&#8220;||25px||false|false&#8220; global_colors_info=&#8220;{}&#8220;]<\/p>\n<p>Am einfachsten ist h\u00e4ufig ein pers\u00f6nliches Gespr\u00e4ch. Um Sie jedoch von Beginn an mit dem richtigen Mitarbeiter zu verbinden, geben Sie uns bitte einen ersten kurzen \u00dcberblick und f\u00fcllen die nachfolgenden Felder aus.<\/p>\n<p>[\/et_pb_text][et_pb_contact_form email=&#8220;info@pragma-solar.com&#8220; custom_message=&#8220;Es gibt eine neue Kontaktaufnahme \u00fcber das Kontaktformular auf pragma-solar.com:||et_pb_line_break_holder||||et_pb_line_break_holder||Name: %%Name%%||et_pb_line_break_holder||Nachricht: %%Message%%||et_pb_line_break_holder||eMail-Adresse: %%Email%%||et_pb_line_break_holder||||et_pb_line_break_holder||Newsletter-Anforderung: %%Newsletter%%||et_pb_line_break_holder||||et_pb_line_break_holder||Einwilligung:||et_pb_line_break_holder||%%Consent%%||et_pb_line_break_holder||||et_pb_line_break_holder||Der Inhalt der eMail wurde gespeichert und ist im Backend unter %22Contact Form \/ Entries%22 abrufbar.&#8220; success_message=&#8220;Ihre Mail wurde versendet. Ich setze mich zeitnah mit Ihnen in Verbindung.&#8220; _builder_version=&#8220;4.27.4&#8243; _module_preset=&#8220;default&#8220; _unique_id=&#8220;a69a237a-334e-49f6-b9ae-72ac27aa6a50&#8243; form_field_background_color=&#8220;rgba(224,165,38,0.15)&#8220; form_field_text_color=&#8220;#07476E&#8220; form_field_focus_background_color=&#8220;rgba(7,71,110,0.05)&#8220; form_field_focus_text_color=&#8220;#666666&#8243; captcha_text_color=&#8220;#666666&#8243; captcha_font_size=&#8220;16px&#8220; custom_button=&#8220;on&#8220; button_text_color=&#8220;#FFFFFF&#8220; button_bg_color=&#8220;#07476E&#8220; button_border_width=&#8220;1px&#8220; button_border_radius=&#8220;10px&#8220; custom_margin=&#8220;|||0px|false|false&#8220; custom_padding=&#8220;|||0px|false|false&#8220; border_radii=&#8220;on|10px|10px|10px|10px&#8220; border_width_all=&#8220;1px&#8220; border_color_all=&#8220;#666666&#8243; global_colors_info=&#8220;{}&#8220; button_bg_color__hover_enabled=&#8220;on|desktop&#8220; button_bg_color__hover=&#8220;#E0A526&#8243; button_bg_enable_color__hover=&#8220;on&#8220; button_text_size__hover_enabled=&#8220;on|hover&#8220; submit_button_text__hover_enabled=&#8220;on|desktop&#8220; button_text_color__hover_enabled=&#8220;on|desktop&#8220; button_text_color__hover=&#8220;#07476E&#8220;][et_pb_contact_field field_id=&#8220;Name&#8220; field_title=&#8220;Ihr Name&#8220; _builder_version=&#8220;4.27.4&#8243; _module_preset=&#8220;default&#8220; form_field_font_size=&#8220;19px&#8220; global_colors_info=&#8220;{}&#8220; button_text_size__hover_enabled=&#8220;off&#8220; button_one_text_size__hover_enabled=&#8220;off&#8220; button_two_text_size__hover_enabled=&#8220;off&#8220; button_text_color__hover_enabled=&#8220;off&#8220; button_one_text_color__hover_enabled=&#8220;off&#8220; button_two_text_color__hover_enabled=&#8220;off&#8220; button_border_width__hover_enabled=&#8220;off&#8220; button_one_border_width__hover_enabled=&#8220;off&#8220; button_two_border_width__hover_enabled=&#8220;off&#8220; button_border_color__hover_enabled=&#8220;off&#8220; button_one_border_color__hover_enabled=&#8220;off&#8220; button_two_border_color__hover_enabled=&#8220;off&#8220; button_border_radius__hover_enabled=&#8220;off&#8220; button_one_border_radius__hover_enabled=&#8220;off&#8220; button_two_border_radius__hover_enabled=&#8220;off&#8220; button_letter_spacing__hover_enabled=&#8220;off&#8220; button_one_letter_spacing__hover_enabled=&#8220;off&#8220; button_two_letter_spacing__hover_enabled=&#8220;off&#8220; button_bg_color__hover_enabled=&#8220;off&#8220; button_one_bg_color__hover_enabled=&#8220;off&#8220; button_two_bg_color__hover_enabled=&#8220;off&#8220;][\/et_pb_contact_field][et_pb_contact_field field_id=&#8220;Land&#8220; field_title=&#8220;Land&#8220; _builder_version=&#8220;4.27.4&#8243; _module_preset=&#8220;default&#8220; form_field_font_size=&#8220;19px&#8220; global_colors_info=&#8220;{}&#8220; button_text_size__hover_enabled=&#8220;off&#8220; button_one_text_size__hover_enabled=&#8220;off&#8220; button_two_text_size__hover_enabled=&#8220;off&#8220; button_text_color__hover_enabled=&#8220;off&#8220; button_one_text_color__hover_enabled=&#8220;off&#8220; button_two_text_color__hover_enabled=&#8220;off&#8220; button_border_width__hover_enabled=&#8220;off&#8220; button_one_border_width__hover_enabled=&#8220;off&#8220; button_two_border_width__hover_enabled=&#8220;off&#8220; button_border_color__hover_enabled=&#8220;off&#8220; button_one_border_color__hover_enabled=&#8220;off&#8220; button_two_border_color__hover_enabled=&#8220;off&#8220; button_border_radius__hover_enabled=&#8220;off&#8220; button_one_border_radius__hover_enabled=&#8220;off&#8220; button_two_border_radius__hover_enabled=&#8220;off&#8220; button_letter_spacing__hover_enabled=&#8220;off&#8220; button_one_letter_spacing__hover_enabled=&#8220;off&#8220; button_two_letter_spacing__hover_enabled=&#8220;off&#8220; button_bg_color__hover_enabled=&#8220;off&#8220; button_one_bg_color__hover_enabled=&#8220;off&#8220; button_two_bg_color__hover_enabled=&#8220;off&#8220;][\/et_pb_contact_field][et_pb_contact_field field_id=&#8220;Email&#8220; field_title=&#8220;Ihre E-Mail-Adresse&#8220; field_type=&#8220;email&#8220; _builder_version=&#8220;4.27.0&#8243; _module_preset=&#8220;default&#8220; form_field_font_size=&#8220;18px&#8220; global_colors_info=&#8220;{}&#8220; button_text_size__hover_enabled=&#8220;off&#8220; button_one_text_size__hover_enabled=&#8220;off&#8220; button_two_text_size__hover_enabled=&#8220;off&#8220; button_text_color__hover_enabled=&#8220;off&#8220; button_one_text_color__hover_enabled=&#8220;off&#8220; button_two_text_color__hover_enabled=&#8220;off&#8220; button_border_width__hover_enabled=&#8220;off&#8220; button_one_border_width__hover_enabled=&#8220;off&#8220; button_two_border_width__hover_enabled=&#8220;off&#8220; button_border_color__hover_enabled=&#8220;off&#8220; button_one_border_color__hover_enabled=&#8220;off&#8220; button_two_border_color__hover_enabled=&#8220;off&#8220; button_border_radius__hover_enabled=&#8220;off&#8220; button_one_border_radius__hover_enabled=&#8220;off&#8220; button_two_border_radius__hover_enabled=&#8220;off&#8220; button_letter_spacing__hover_enabled=&#8220;off&#8220; button_one_letter_spacing__hover_enabled=&#8220;off&#8220; button_two_letter_spacing__hover_enabled=&#8220;off&#8220; button_bg_color__hover_enabled=&#8220;off&#8220; button_one_bg_color__hover_enabled=&#8220;off&#8220; button_two_bg_color__hover_enabled=&#8220;off&#8220;][\/et_pb_contact_field][et_pb_contact_field field_id=&#8220;Phone&#8220; field_title=&#8220;Ihre Telefonnummer&#8220; field_type=&#8220;email&#8220; _builder_version=&#8220;4.27.4&#8243; _module_preset=&#8220;default&#8220; form_field_font_size=&#8220;18px&#8220; global_colors_info=&#8220;{}&#8220; button_text_size__hover_enabled=&#8220;off&#8220; button_one_text_size__hover_enabled=&#8220;off&#8220; button_two_text_size__hover_enabled=&#8220;off&#8220; button_text_color__hover_enabled=&#8220;off&#8220; button_one_text_color__hover_enabled=&#8220;off&#8220; button_two_text_color__hover_enabled=&#8220;off&#8220; button_border_width__hover_enabled=&#8220;off&#8220; button_one_border_width__hover_enabled=&#8220;off&#8220; button_two_border_width__hover_enabled=&#8220;off&#8220; button_border_color__hover_enabled=&#8220;off&#8220; button_one_border_color__hover_enabled=&#8220;off&#8220; button_two_border_color__hover_enabled=&#8220;off&#8220; button_border_radius__hover_enabled=&#8220;off&#8220; button_one_border_radius__hover_enabled=&#8220;off&#8220; button_two_border_radius__hover_enabled=&#8220;off&#8220; button_letter_spacing__hover_enabled=&#8220;off&#8220; button_one_letter_spacing__hover_enabled=&#8220;off&#8220; button_two_letter_spacing__hover_enabled=&#8220;off&#8220; button_bg_color__hover_enabled=&#8220;off&#8220; button_one_bg_color__hover_enabled=&#8220;off&#8220; button_two_bg_color__hover_enabled=&#8220;off&#8220;][\/et_pb_contact_field][et_pb_contact_field field_id=&#8220;Projektvorhaben&#8220; field_title=&#8220;Ihr Projektvorhaben&#8220; field_type=&#8220;select&#8220; select_options=&#8220;%91{%22value%22:%22Interessiert an gebrauchten SolarPanels%22,%22checked%22:0,%22dragID%22:-1},{%22value%22:%22Interessiert an neuen SolarPanels%22,%22checked%22:0,%22dragID%22:0},{%22value%22:%22Projektunterst\u00fctzung%22,%22checked%22:0,%22dragID%22:1}%93&#8243; fullwidth_field=&#8220;on&#8220; _builder_version=&#8220;4.27.4&#8243; _module_preset=&#8220;default&#8220; form_field_font_size=&#8220;18px&#8220; global_colors_info=&#8220;{}&#8220; button_text_size__hover_enabled=&#8220;off&#8220; button_one_text_size__hover_enabled=&#8220;off&#8220; button_two_text_size__hover_enabled=&#8220;off&#8220; button_text_color__hover_enabled=&#8220;off&#8220; button_one_text_color__hover_enabled=&#8220;off&#8220; button_two_text_color__hover_enabled=&#8220;off&#8220; button_border_width__hover_enabled=&#8220;off&#8220; button_one_border_width__hover_enabled=&#8220;off&#8220; button_two_border_width__hover_enabled=&#8220;off&#8220; button_border_color__hover_enabled=&#8220;off&#8220; button_one_border_color__hover_enabled=&#8220;off&#8220; button_two_border_color__hover_enabled=&#8220;off&#8220; button_border_radius__hover_enabled=&#8220;off&#8220; button_one_border_radius__hover_enabled=&#8220;off&#8220; button_two_border_radius__hover_enabled=&#8220;off&#8220; button_letter_spacing__hover_enabled=&#8220;off&#8220; button_one_letter_spacing__hover_enabled=&#8220;off&#8220; button_two_letter_spacing__hover_enabled=&#8220;off&#8220; button_bg_color__hover_enabled=&#8220;off&#8220; button_one_bg_color__hover_enabled=&#8220;off&#8220; button_two_bg_color__hover_enabled=&#8220;off&#8220;][\/et_pb_contact_field][et_pb_contact_field field_id=&#8220;Message&#8220; field_title=&#8220;Ihre Nachricht an uns&#8220; field_type=&#8220;text&#8220; fullwidth_field=&#8220;on&#8220; _builder_version=&#8220;4.27.4&#8243; _module_preset=&#8220;default&#8220; form_field_font_size=&#8220;18px&#8220; global_colors_info=&#8220;{}&#8220; button_text_size__hover_enabled=&#8220;off&#8220; button_one_text_size__hover_enabled=&#8220;off&#8220; button_two_text_size__hover_enabled=&#8220;off&#8220; button_text_color__hover_enabled=&#8220;off&#8220; button_one_text_color__hover_enabled=&#8220;off&#8220; button_two_text_color__hover_enabled=&#8220;off&#8220; button_border_width__hover_enabled=&#8220;off&#8220; button_one_border_width__hover_enabled=&#8220;off&#8220; button_two_border_width__hover_enabled=&#8220;off&#8220; button_border_color__hover_enabled=&#8220;off&#8220; button_one_border_color__hover_enabled=&#8220;off&#8220; button_two_border_color__hover_enabled=&#8220;off&#8220; button_border_radius__hover_enabled=&#8220;off&#8220; button_one_border_radius__hover_enabled=&#8220;off&#8220; button_two_border_radius__hover_enabled=&#8220;off&#8220; button_letter_spacing__hover_enabled=&#8220;off&#8220; button_one_letter_spacing__hover_enabled=&#8220;off&#8220; button_two_letter_spacing__hover_enabled=&#8220;off&#8220; button_bg_color__hover_enabled=&#8220;off&#8220; button_one_bg_color__hover_enabled=&#8220;off&#8220; button_two_bg_color__hover_enabled=&#8220;off&#8220;][\/et_pb_contact_field][et_pb_contact_field field_id=&#8220;Consent&#8220; field_title=&#8220;Einverst\u00e4ndniserkl\u00e4rung&#8220; field_type=&#8220;checkbox&#8220; checkbox_options=&#8220;%91{%22value%22:%22Hiermit willige ich in die Verarbeitung meiner personenbezogenen Daten durch Pragma Solar Dubai ein. Die Verarbeitung der Daten erfolgt ausschlie\u00dflich zum Zweck der Kontaktaufnahme mit mir. Die Einwilligung erfolgt auf freiwilliger Basis und kann von mir jederzeit mit Wirkung f\u00fcr die Zukunft widerrufen werden. Nach Eingang des Widerrufs d\u00fcrfen meine Daten nicht weiter verarbeitet werden. Sie werden unverz\u00fcglich gel\u00f6scht. Durch den Widerruf meiner Einwilligung wird die Rechtm\u00e4\u00dfigkeit der bis dahin erfolgten Verarbeitung nicht ber\u00fchrt.%22,%22checked%22:0,%22dragID%22:-1}%93&#8243; fullwidth_field=&#8220;on&#8220; _builder_version=&#8220;4.27.4&#8243; _module_preset=&#8220;default&#8220; form_field_background_color=&#8220;rgba(224,165,38,0.25)&#8220; form_field_text_color=&#8220;#666666&#8243; form_field_focus_background_color=&#8220;#FFFFFF&#8220; form_field_focus_text_color=&#8220;#FFFFFF&#8220; global_colors_info=&#8220;{}&#8220;][\/et_pb_contact_field][et_pb_contact_field field_id=&#8220;Newsletter&#8220; field_title=&#8220;Newsletter&#8220; field_type=&#8220;checkbox&#8220; checkbox_options=&#8220;%91{%22value%22:%22Bitte senden Sie mir Ihren Newsletter.%22,%22checked%22:0,%22dragID%22:-1}%93&#8243; required_mark=&#8220;off&#8220; fullwidth_field=&#8220;on&#8220; _builder_version=&#8220;4.27.4&#8243; _module_preset=&#8220;default&#8220; form_field_background_color=&#8220;rgba(224,165,38,0.25)&#8220; form_field_text_color=&#8220;#666666&#8243; form_field_focus_background_color=&#8220;#FFFFFF&#8220; form_field_focus_text_color=&#8220;#FFFFFF&#8220; background_color=&#8220;RGBA(255,255,255,0)&#8220; background_enable_color=&#8220;on&#8220; global_colors_info=&#8220;{}&#8220;][\/et_pb_contact_field][\/et_pb_contact_form][\/et_pb_column][\/et_pb_row][\/et_pb_section][et_pb_section fb_built=&#8220;1&#8243; admin_label=&#8220;Sektion %22Footer%22&#8243; _builder_version=&#8220;4.27.4&#8243; _module_preset=&#8220;default&#8220; background_color=&#8220;#0C6798&#8243; custom_padding=&#8220;35px||34px|||&#8220; top_divider_repeat=&#8220;1x&#8220; global_module=&#8220;726&#8243; saved_tabs=&#8220;all&#8220; locked=&#8220;off&#8220; global_colors_info=&#8220;{}&#8220;][et_pb_row column_structure=&#8220;1_4,1_4,1_4,1_4&#8243; admin_label=&#8220;Unternehmensdaten im Footer&#8220; _builder_version=&#8220;4.27.4&#8243; _module_preset=&#8220;default&#8220; global_colors_info=&#8220;{}&#8220;][et_pb_column type=&#8220;1_4&#8243; _builder_version=&#8220;4.27.4&#8243; _module_preset=&#8220;default&#8220; global_colors_info=&#8220;{}&#8220;][et_pb_image src=&#8220;https:\/\/pragma-solar.com\/wp-content\/uploads\/logo_weiss.png&#8220; title_text=&#8220;logo_wei\u00df&#8220; admin_label=&#8220;Bild: Logo der Augentagesklinik Glienicke&#8220; _builder_version=&#8220;4.27.4&#8243; _module_preset=&#8220;default&#8220; global_colors_info=&#8220;{}&#8220;][\/et_pb_image][\/et_pb_column][et_pb_column type=&#8220;1_4&#8243; _builder_version=&#8220;4.27.4&#8243; _module_preset=&#8220;default&#8220; global_colors_info=&#8220;{}&#8220;][et_pb_text admin_label=&#8220;M\u00f6glichkeit der Kontaktaufnahme \u00fcber Link auf Kontaktformular&#8220; _builder_version=&#8220;4.27.4&#8243; _module_preset=&#8220;_initial&#8220; text_text_color=&#8220;#FFFFFF&#8220; link_text_color=&#8220;#FFFFFF&#8220; global_colors_info=&#8220;{}&#8220;]<\/p>\n<p><strong>Pragma Solar<\/strong><\/p>\n<p><span>A company of GRAND PRAGMA General Trading LLC<\/span><\/p>\n<p><span>Phone:\u00a0<a class=\"ltc-1214 link-style\" href=\"tel:00971551646511\">00971.55.164 6511<\/a><br \/><\/span><span>Mail: <a class=\"ltc-1214 link-0-style\" href=\"mailto:info@pragma-solar.com\">info@pragma-solar.com<\/a><\/span><\/p>\n<p>[\/et_pb_text][\/et_pb_column][et_pb_column type=&#8220;1_4&#8243; _builder_version=&#8220;4.27.4&#8243; _module_preset=&#8220;default&#8220; global_colors_info=&#8220;{}&#8220;][et_pb_text _builder_version=&#8220;4.27.4&#8243; _module_preset=&#8220;default&#8220; text_text_color=&#8220;#FFFFFF&#8220; global_colors_info=&#8220;{}&#8220;]<\/p>\n<p><span>NAEMA HAMAD ABDULLA Building<\/span><br \/><span>Land Area: Naif, <br \/>Plot Number: 139-0<\/span><br \/><span>Land DM No (Affection Plan): 118-290, <br \/>Makani No:\u00a0<\/span>29707 96081<\/p>\n<p>[\/et_pb_text][\/et_pb_column][et_pb_column type=&#8220;1_4&#8243; _builder_version=&#8220;4.27.4&#8243; _module_preset=&#8220;default&#8220; global_colors_info=&#8220;{}&#8220;][et_pb_text _builder_version=&#8220;4.27.4&#8243; _module_preset=&#8220;default&#8220; text_text_color=&#8220;#FFFFFF&#8220; global_colors_info=&#8220;{}&#8220;]<\/p>\n<p><strong>Links<\/strong><\/p>\n<p><a href=\"\/kontakt\">Kontakt<\/a><\/p>\n<p>&#8230;<\/p>\n<p>[\/et_pb_text][\/et_pb_column][\/et_pb_row][\/et_pb_section]<\/p>\n","protected":false},"excerpt":{"rendered":"<p><div class=\"et_pb_module dipi_breadcrumbs dipi_breadcrumbs_0\">\n\t\t\t\t\n\t\t\t\t\n\t\t\t\t\n\t\t\t\t\n\t\t\t\t\n\t\t\t\t\n\t\t\t\t<div class=\"et_pb_module_inner\">\n\t\t\t\t\t<div class=\"dipi-breadcrumbs dipi-bc-left\">\n                <ul >\n                    \n                                                \n                <\/ul>\n            <\/div>\n\t\t\t\t<\/div>\n\t\t\t<\/div>Wenn&#8217;s ganz schnell gehen soll&#8230;Wenn es etwas detaillierter sein soll&#8230;Am einfachsten ist h\u00e4ufig ein pers\u00f6nliches Gespr\u00e4ch. Um Sie jedoch von Beginn an mit dem richtigen Mitarbeiter zu verbinden, geben Sie uns bitte einen ersten kurzen \u00dcberblick und f\u00fcllen die nachfolgenden Felder aus.Pragma Solar A [&hellip;]<\/p>\n","protected":false},"author":2,"featured_media":0,"parent":9,"menu_order":0,"comment_status":"closed","ping_status":"closed","template":"","meta":{"_et_pb_use_builder":"on","_et_pb_old_content":"","_et_gb_content_width":"","footnotes":""},"class_list":["post-730","page","type-page","status-publish","hentry"],"_links":{"self":[{"href":"https:\/\/pragma-solar.com\/de\/wp-json\/wp\/v2\/pages\/730","targetHints":{"allow":["GET"]}}],"collection":[{"href":"https:\/\/pragma-solar.com\/de\/wp-json\/wp\/v2\/pages"}],"about":[{"href":"https:\/\/pragma-solar.com\/de\/wp-json\/wp\/v2\/types\/page"}],"author":[{"embeddable":true,"href":"https:\/\/pragma-solar.com\/de\/wp-json\/wp\/v2\/users\/2"}],"replies":[{"embeddable":true,"href":"https:\/\/pragma-solar.com\/de\/wp-json\/wp\/v2\/comments?post=730"}],"version-history":[{"count":12,"href":"https:\/\/pragma-solar.com\/de\/wp-json\/wp\/v2\/pages\/730\/revisions"}],"predecessor-version":[{"id":1073,"href":"https:\/\/pragma-solar.com\/de\/wp-json\/wp\/v2\/pages\/730\/revisions\/1073"}],"up":[{"embeddable":true,"href":"https:\/\/pragma-solar.com\/de\/wp-json\/wp\/v2\/pages\/9"}],"wp:attachment":[{"href":"https:\/\/pragma-solar.com\/de\/wp-json\/wp\/v2\/media?parent=730"}],"curies":[{"name":"wp","href":"https:\/\/api.w.org\/{rel}","templated":true}]}}